{"id":2833,"date":"2024-02-05T12:12:19","date_gmt":"2024-02-05T11:12:19","guid":{"rendered":"https:\/\/printde.co\/?post_type=product&#038;p=2833"},"modified":"2024-02-04T00:20:45","modified_gmt":"2024-02-03T23:20:45","slug":"kaprysna-korona-lasu","status":"publish","type":"product","link":"https:\/\/printde.co\/pl\/produkt\/kaprysna-korona-lasu\/","title":{"rendered":"Kapry\u015bna Korona Lasu: Kalejdoskop Barwnych Li\u015bci Akwarela"},"content":{"rendered":"<p>Wejd\u017a do kapry\u015bnego lasu z nasz\u0105 tapet\u0105, gdzie drzewa rozkwitaj\u0105 w kalejdoskopie kolorowych, przezroczystych li\u015bci. Ka\u017cde drzewo jest wykonane z delikatnych plam akwareli, kt\u00f3re p\u0142ynnie si\u0119 \u0142\u0105cz\u0105, tworz\u0105c \u017cyw\u0105 koron\u0119, kt\u00f3ra bawi si\u0119 \u015bwiat\u0142em i powietrzem. Ta abstrakcyjna impresjonistyczna wizja jest zar\u00f3wno surrealna, jak i ekspresyjna, zapraszaj\u0105c do poczucia zachwytu i artystycznej rado\u015bci z jej p\u0142ynno\u015bci\u0105 kolor\u00f3w.<\/p>\n","protected":false},"excerpt":{"rendered":"<p>Przemie\u0144 swoj\u0105 przestrze\u0144 magi\u0105 'Kapry\u015bnej Korony Lasu&#8217;, gdzie ekspresyjne pi\u0119kno akwarelowych li\u015bci tworzy surrealistyczny krajobraz le\u015bny.<\/p>\n","protected":false},"featured_media":2836,"template":"","meta":{"_acf_changed":false,"inline_featured_image":false},"product_brand":[],"product_cat":[90,105,88,87],"product_tag":[],"class_list":{"0":"post-2833","1":"product","2":"type-product","3":"status-publish","4":"has-post-thumbnail","6":"product_cat-tapety-rosliny-zwierzeta","7":"product_cat-sztuka-design-tapety","8":"product_cat-dzieciece","9":"product_cat-fototapety","11":"first","12":"instock","13":"shipping-taxable","14":"purchasable","15":"product-type-simple"},"acf":[],"_links":{"self":[{"href":"https:\/\/printde.co\/pl\/wp-json\/wp\/v2\/product\/2833","targetHints":{"allow":["GET"]}}],"collection":[{"href":"https:\/\/printde.co\/pl\/wp-json\/wp\/v2\/product"}],"about":[{"href":"https:\/\/printde.co\/pl\/wp-json\/wp\/v2\/types\/product"}],"wp:featuredmedia":[{"embeddable":true,"href":"https:\/\/printde.co\/pl\/wp-json\/wp\/v2\/media\/2836"}],"wp:attachment":[{"href":"https:\/\/printde.co\/pl\/wp-json\/wp\/v2\/media?parent=2833"}],"wp:term":[{"taxonomy":"product_brand","embeddable":true,"href":"https:\/\/printde.co\/pl\/wp-json\/wp\/v2\/product_brand?post=2833"},{"taxonomy":"product_cat","embeddable":true,"href":"https:\/\/printde.co\/pl\/wp-json\/wp\/v2\/product_cat?post=2833"},{"taxonomy":"product_tag","embeddable":true,"href":"https:\/\/printde.co\/pl\/wp-json\/wp\/v2\/product_tag?post=2833"}],"curies":[{"name":"wp","href":"https:\/\/api.w.org\/{rel}","templated":true}]}}