{"id":2860,"date":"2024-02-08T12:15:27","date_gmt":"2024-02-08T11:15:27","guid":{"rendered":"https:\/\/printde.co\/?post_type=product&#038;p=2860"},"modified":"2024-02-06T21:02:12","modified_gmt":"2024-02-06T20:02:12","slug":"lush-ivy-morning-glory-mural","status":"publish","type":"product","link":"https:\/\/printde.co\/pl\/produkt\/lush-ivy-morning-glory-mural\/","title":{"rendered":"Bujny Bluszcz &#038; Poranna Chwa\u0142a Mural: Eteryczny Ogr\u00f3d Akwarela"},"content":{"rendered":"<p>Przekszta\u0142\u0107 swoj\u0105 przestrze\u0144 nasz\u0105 tapet\u0105 'Bujny Bluszcz &#038; Poranna Chwa\u0142a&#8217;, przedstawiaj\u0105c\u0105 barwny ogr\u00f3d bluszczu i winoro\u015bli porannej chwa\u0142y. \u017bywe zielone li\u015bcie i delikatne bia\u0142e kwiaty s\u0105 przedstawione technik\u0105 akwareli, nadaj\u0105c scenie marzycielsk\u0105, eteryczn\u0105 jako\u015b\u0107. Gra \u015bwiat\u0142a i cienia przywraca \u017cycie ka\u017cdemu li\u015bciu i p\u0142atku, zapraszaj\u0105c do wn\u0119trza poczucie wzrostu i spokoju. Ten mural dodaje dotyk spokoju natury do Twojego domu lub biura.<\/p>\n","protected":false},"excerpt":{"rendered":"<p>Wprowad\u017a do swojego otoczenia spok\u00f3j naszej tapety 'Bujny Bluszcz &#038; Poranna Chwa\u0142a&#8217;, marzycielskie przedstawienie spokoju natury w akwareli.<\/p>\n","protected":false},"featured_media":2866,"template":"","meta":{"_acf_changed":false,"inline_featured_image":false},"product_brand":[],"product_cat":[90,87],"product_tag":[],"class_list":{"0":"post-2860","1":"product","2":"type-product","3":"status-publish","4":"has-post-thumbnail","6":"product_cat-tapety-rosliny-zwierzeta","7":"product_cat-fototapety","9":"first","10":"instock","11":"shipping-taxable","12":"purchasable","13":"product-type-simple"},"acf":[],"_links":{"self":[{"href":"https:\/\/printde.co\/pl\/wp-json\/wp\/v2\/product\/2860","targetHints":{"allow":["GET"]}}],"collection":[{"href":"https:\/\/printde.co\/pl\/wp-json\/wp\/v2\/product"}],"about":[{"href":"https:\/\/printde.co\/pl\/wp-json\/wp\/v2\/types\/product"}],"wp:featuredmedia":[{"embeddable":true,"href":"https:\/\/printde.co\/pl\/wp-json\/wp\/v2\/media\/2866"}],"wp:attachment":[{"href":"https:\/\/printde.co\/pl\/wp-json\/wp\/v2\/media?parent=2860"}],"wp:term":[{"taxonomy":"product_brand","embeddable":true,"href":"https:\/\/printde.co\/pl\/wp-json\/wp\/v2\/product_brand?post=2860"},{"taxonomy":"product_cat","embeddable":true,"href":"https:\/\/printde.co\/pl\/wp-json\/wp\/v2\/product_cat?post=2860"},{"taxonomy":"product_tag","embeddable":true,"href":"https:\/\/printde.co\/pl\/wp-json\/wp\/v2\/product_tag?post=2860"}],"curies":[{"name":"wp","href":"https:\/\/api.w.org\/{rel}","templated":true}]}}