{"id":2880,"date":"2024-02-12T11:45:28","date_gmt":"2024-02-12T10:45:28","guid":{"rendered":"https:\/\/printde.co\/?post_type=product&#038;p=2880"},"modified":"2024-02-06T21:45:33","modified_gmt":"2024-02-06T20:45:33","slug":"bohemska-rapsodia-akwarelowa-elegancja","status":"publish","type":"product","link":"https:\/\/printde.co\/pl\/produkt\/bohemska-rapsodia-akwarelowa-elegancja\/","title":{"rendered":"Bohemska Rapsodia: Akwarelowa Elegancja w Ziemiach"},"content":{"rendered":"<p>Wprowad\u017a nut\u0119 bohemy do swojego wn\u0119trza z nasz\u0105 tapet\u0105 'Bohemska Rapsodia: Akwarelowa Elegancja w Ziemiach&#8217;. Ta abstrakcyjna akwarela mistrzowsko harmonizuje ziemiste odcienie sienny, taupe i umbry, ozdobione delikatnymi li\u015b\u0107mi i ga\u0142\u0119ziami przep\u0142ywaj\u0105cymi przez p\u0142\u00f3tno. Rytmiczny wz\u00f3r wywo\u0142uje poczucie organicznej prostoty i elegancji, czyni\u0105c j\u0105 idealn\u0105 do stworzenia ciep\u0142ej i zapraszaj\u0105cej atmosfery w ka\u017cdym projekcie wn\u0119trza.<\/p>\n","protected":false},"excerpt":{"rendered":"<p>Zwi\u0119ksz swoj\u0105 przestrze\u0144 bohemskim urokiem naszej 'Akwarelowej Elegancji w Ziemiach&#8217;, muralu, kt\u00f3ry wprowadza prostot\u0119 i ciep\u0142o do nowoczesnych wn\u0119trz.<\/p>\n","protected":false},"featured_media":2883,"template":"","meta":{"_acf_changed":false,"inline_featured_image":false},"product_brand":[],"product_cat":[90,87],"product_tag":[],"class_list":{"0":"post-2880","1":"product","2":"type-product","3":"status-publish","4":"has-post-thumbnail","6":"product_cat-tapety-rosliny-zwierzeta","7":"product_cat-fototapety","9":"first","10":"instock","11":"shipping-taxable","12":"purchasable","13":"product-type-simple"},"acf":[],"_links":{"self":[{"href":"https:\/\/printde.co\/pl\/wp-json\/wp\/v2\/product\/2880","targetHints":{"allow":["GET"]}}],"collection":[{"href":"https:\/\/printde.co\/pl\/wp-json\/wp\/v2\/product"}],"about":[{"href":"https:\/\/printde.co\/pl\/wp-json\/wp\/v2\/types\/product"}],"wp:featuredmedia":[{"embeddable":true,"href":"https:\/\/printde.co\/pl\/wp-json\/wp\/v2\/media\/2883"}],"wp:attachment":[{"href":"https:\/\/printde.co\/pl\/wp-json\/wp\/v2\/media?parent=2880"}],"wp:term":[{"taxonomy":"product_brand","embeddable":true,"href":"https:\/\/printde.co\/pl\/wp-json\/wp\/v2\/product_brand?post=2880"},{"taxonomy":"product_cat","embeddable":true,"href":"https:\/\/printde.co\/pl\/wp-json\/wp\/v2\/product_cat?post=2880"},{"taxonomy":"product_tag","embeddable":true,"href":"https:\/\/printde.co\/pl\/wp-json\/wp\/v2\/product_tag?post=2880"}],"curies":[{"name":"wp","href":"https:\/\/api.w.org\/{rel}","templated":true}]}}