{"id":3017,"date":"2024-02-21T11:45:34","date_gmt":"2024-02-21T10:45:34","guid":{"rendered":"https:\/\/printde.co\/?post_type=product&#038;p=3017"},"modified":"2024-02-19T22:45:08","modified_gmt":"2024-02-19T21:45:08","slug":"romantyczny-deszczowy-bulwar-tapeta","status":"publish","type":"product","link":"https:\/\/printde.co\/pl\/produkt\/romantyczny-deszczowy-bulwar-tapeta\/","title":{"rendered":"Romantyczny Deszczowy Bulwar: Para pod Parasolem Tapeta"},"content":{"rendered":"<p>Zanurz si\u0119 w urok deszczowego wieczoru z nasz\u0105 tapet\u0105 'Romantyczny Deszczowy Bulwar&#8217;. Obserwuj czaruj\u0105c\u0105 scen\u0119, gdzie para dzieli intymny moment pod wsp\u00f3lnym parasolem, spaceruj\u0105c po bulwarze poca\u0142owanym przez deszcz. Sk\u0105pani w ciep\u0142ym blasku latarni ulicznych, z drzewami ozdobionymi z\u0142otymi odcieniami jesiennych li\u015bci, delikatna m\u017cawka dodaje b\u0142yszcz\u0105cego po\u0142ysku otoczeniu. Odbicie \u015bwiate\u0142 na mokrej nawierzchni tworzy hipnotyzuj\u0105c\u0105 \u015bcie\u017ck\u0119, ujmuj\u0105c esencj\u0119 romantyzmu i spokoju, idealnie na szerokoekranowe wy\u015bwietlacze.<\/p>\n","protected":false},"excerpt":{"rendered":"<p>Zmie\u0144 swoj\u0105 przestrze\u0144 tapet\u0105 'Romantyczny Deszczowy Bulwar&#8217;, uchwycenie intymnego momentu pary pod wsp\u00f3lnym parasolem na z\u0142ocie o\u015bwietlonej ulicy.<\/p>\n","protected":false},"featured_media":3014,"template":"","meta":{"_acf_changed":false,"inline_featured_image":false},"product_brand":[],"product_cat":[105,87],"product_tag":[],"class_list":{"0":"post-3017","1":"product","2":"type-product","3":"status-publish","4":"has-post-thumbnail","6":"product_cat-sztuka-design-tapety","7":"product_cat-fototapety","9":"first","10":"instock","11":"shipping-taxable","12":"purchasable","13":"product-type-simple"},"acf":[],"_links":{"self":[{"href":"https:\/\/printde.co\/pl\/wp-json\/wp\/v2\/product\/3017","targetHints":{"allow":["GET"]}}],"collection":[{"href":"https:\/\/printde.co\/pl\/wp-json\/wp\/v2\/product"}],"about":[{"href":"https:\/\/printde.co\/pl\/wp-json\/wp\/v2\/types\/product"}],"wp:featuredmedia":[{"embeddable":true,"href":"https:\/\/printde.co\/pl\/wp-json\/wp\/v2\/media\/3014"}],"wp:attachment":[{"href":"https:\/\/printde.co\/pl\/wp-json\/wp\/v2\/media?parent=3017"}],"wp:term":[{"taxonomy":"product_brand","embeddable":true,"href":"https:\/\/printde.co\/pl\/wp-json\/wp\/v2\/product_brand?post=3017"},{"taxonomy":"product_cat","embeddable":true,"href":"https:\/\/printde.co\/pl\/wp-json\/wp\/v2\/product_cat?post=3017"},{"taxonomy":"product_tag","embeddable":true,"href":"https:\/\/printde.co\/pl\/wp-json\/wp\/v2\/product_tag?post=3017"}],"curies":[{"name":"wp","href":"https:\/\/api.w.org\/{rel}","templated":true}]}}