{"id":3032,"date":"2024-02-23T11:48:02","date_gmt":"2024-02-23T10:48:02","guid":{"rendered":"https:\/\/printde.co\/?post_type=product&#038;p=3032"},"modified":"2024-02-20T21:59:18","modified_gmt":"2024-02-20T20:59:18","slug":"elegancja-galezi-oliwnych-tapeta","status":"publish","type":"product","link":"https:\/\/printde.co\/pl\/produkt\/elegancja-galezi-oliwnych-tapeta\/","title":{"rendered":"Elegancja Ga\u0142\u0119zi Oliwnych: Tapeta Rysunkowa w Grafcie"},"content":{"rendered":"<p>Zanurz si\u0119 w spokojne pi\u0119kno natury z nasz\u0105 tapet\u0105 'Elegancja Ga\u0142\u0119zi Oliwnych&#8217;. Szkicowane delikatnie w grafcie, bujne u\u0142o\u017cenie pokazuje delikatn\u0105 gr\u0119 \u015bwiat\u0142a i cienia w\u015br\u00f3d szczeg\u00f3\u0142owo zarysowanych li\u015bci oliwnych. R\u00f3\u017cne odcienie i poci\u0105gni\u0119cia dodaj\u0105 g\u0142\u0119bi i realizmu projektowi, z soczystymi oliwkami ukrytymi w\u015br\u00f3d li\u015bci, kt\u00f3rych powierzchnie odbijaj\u0105 zniuansowane o\u015bwietlenie. Rozci\u0105gni\u0119ta na szerokim p\u0142\u00f3tnie, jej monochromatyczna paleta wywo\u0142uje uczucie spokoju i naturalnego pi\u0119kna, co czyni j\u0105 idealnym wyborem dla wyrafinowanego wzoru tapety.<\/p>\n","protected":false},"excerpt":{"rendered":"<p>Podnie\u015b sw\u00f3j dekor z 'Elegancj\u0105 Ga\u0142\u0119zi Oliwnych&#8217;, tapet\u0105 rysunkow\u0105 w grafcie, kt\u00f3ra uchwyci spok\u00f3j natury w monochromie.<\/p>\n","protected":false},"featured_media":3038,"template":"","meta":{"_acf_changed":false,"inline_featured_image":false},"product_brand":[],"product_cat":[90,105,87],"product_tag":[],"class_list":{"0":"post-3032","1":"product","2":"type-product","3":"status-publish","4":"has-post-thumbnail","6":"product_cat-tapety-rosliny-zwierzeta","7":"product_cat-sztuka-design-tapety","8":"product_cat-fototapety","10":"first","11":"instock","12":"shipping-taxable","13":"purchasable","14":"product-type-simple"},"acf":[],"_links":{"self":[{"href":"https:\/\/printde.co\/pl\/wp-json\/wp\/v2\/product\/3032","targetHints":{"allow":["GET"]}}],"collection":[{"href":"https:\/\/printde.co\/pl\/wp-json\/wp\/v2\/product"}],"about":[{"href":"https:\/\/printde.co\/pl\/wp-json\/wp\/v2\/types\/product"}],"wp:featuredmedia":[{"embeddable":true,"href":"https:\/\/printde.co\/pl\/wp-json\/wp\/v2\/media\/3038"}],"wp:attachment":[{"href":"https:\/\/printde.co\/pl\/wp-json\/wp\/v2\/media?parent=3032"}],"wp:term":[{"taxonomy":"product_brand","embeddable":true,"href":"https:\/\/printde.co\/pl\/wp-json\/wp\/v2\/product_brand?post=3032"},{"taxonomy":"product_cat","embeddable":true,"href":"https:\/\/printde.co\/pl\/wp-json\/wp\/v2\/product_cat?post=3032"},{"taxonomy":"product_tag","embeddable":true,"href":"https:\/\/printde.co\/pl\/wp-json\/wp\/v2\/product_tag?post=3032"}],"curies":[{"name":"wp","href":"https:\/\/api.w.org\/{rel}","templated":true}]}}