{"id":3090,"date":"2024-03-04T12:12:27","date_gmt":"2024-03-04T11:12:27","guid":{"rendered":"https:\/\/printde.co\/?post_type=product&#038;p=3090"},"modified":"2024-02-28T20:39:16","modified_gmt":"2024-02-28T19:39:16","slug":"tropikalna-ucieczka-bujna-zielen-tapeta","status":"publish","type":"product","link":"https:\/\/printde.co\/pl\/produkt\/tropikalna-ucieczka-bujna-zielen-tapeta\/","title":{"rendered":"Tropikalna Ucieczka: Tapeta z Bujn\u0105 Zieleni\u0105"},"content":{"rendered":"<p>Przekszta\u0142\u0107 swoj\u0105 przestrze\u0144 w tropikalne sanktuarium z nasz\u0105 tapet\u0105 'Tropikalna Ucieczka: Bujna Ziele\u0144&#8217;. Prezentuje ona wyj\u0105tkowy asortyment bujnych, zielonych li\u015bci, w tym monstery, palmy i paprocie, ka\u017cdy li\u015b\u0107 jest szczeg\u00f3\u0142owo opracowany, aby pokaza\u0107 r\u00f3\u017cnorodno\u015b\u0107 faktur i odcieni zieleni. Umieszczona na delikatnym, niemal bia\u0142ym tle, kompozycja jest zaprojektowana tak, aby stworzy\u0107 naturalne i organiczne uczucie, otaczaj\u0105c ci\u0119 g\u0119st\u0105, spokojn\u0105 d\u017cungl\u0105. \u017bywa, a jednocze\u015bnie uspokajaj\u0105ca wz\u00f3r uchwyci esencj\u0119 tropikalnej ucieczki, czyni\u0105c j\u0105 idealnym t\u0142em dla ka\u017cdego pokoju poszukuj\u0105cego dotyku spokoju natury.<\/p>\n","protected":false},"excerpt":{"rendered":"<p>Zapraszamy bujne pi\u0119kno tropikalnej d\u017cungli do twojej przestrzeni z 'Tropikaln\u0105 Ucieczk\u0105: Bujna Ziele\u0144&#8217;, spokojnym ho\u0142dem dla wibracji natury<\/p>\n","protected":false},"featured_media":3096,"template":"","meta":{"_acf_changed":false,"inline_featured_image":false},"product_brand":[],"product_cat":[90,105,87],"product_tag":[],"class_list":{"0":"post-3090","1":"product","2":"type-product","3":"status-publish","4":"has-post-thumbnail","6":"product_cat-tapety-rosliny-zwierzeta","7":"product_cat-sztuka-design-tapety","8":"product_cat-fototapety","10":"first","11":"instock","12":"shipping-taxable","13":"purchasable","14":"product-type-simple"},"acf":[],"_links":{"self":[{"href":"https:\/\/printde.co\/pl\/wp-json\/wp\/v2\/product\/3090","targetHints":{"allow":["GET"]}}],"collection":[{"href":"https:\/\/printde.co\/pl\/wp-json\/wp\/v2\/product"}],"about":[{"href":"https:\/\/printde.co\/pl\/wp-json\/wp\/v2\/types\/product"}],"wp:featuredmedia":[{"embeddable":true,"href":"https:\/\/printde.co\/pl\/wp-json\/wp\/v2\/media\/3096"}],"wp:attachment":[{"href":"https:\/\/printde.co\/pl\/wp-json\/wp\/v2\/media?parent=3090"}],"wp:term":[{"taxonomy":"product_brand","embeddable":true,"href":"https:\/\/printde.co\/pl\/wp-json\/wp\/v2\/product_brand?post=3090"},{"taxonomy":"product_cat","embeddable":true,"href":"https:\/\/printde.co\/pl\/wp-json\/wp\/v2\/product_cat?post=3090"},{"taxonomy":"product_tag","embeddable":true,"href":"https:\/\/printde.co\/pl\/wp-json\/wp\/v2\/product_tag?post=3090"}],"curies":[{"name":"wp","href":"https:\/\/api.w.org\/{rel}","templated":true}]}}