{"id":3121,"date":"2024-03-06T12:17:30","date_gmt":"2024-03-06T11:17:30","guid":{"rendered":"https:\/\/printde.co\/?post_type=product&#038;p=3121"},"modified":"2024-03-04T22:25:12","modified_gmt":"2024-03-04T21:25:12","slug":"jesienne-odbicia-zlote-liscie-tapeta","status":"publish","type":"product","link":"https:\/\/printde.co\/pl\/produkt\/jesienne-odbicia-zlote-liscie-tapeta\/","title":{"rendered":"Jesienne Odbicia: Z\u0142ote Li\u015bcie i Spokojne Jezioro Tapeta"},"content":{"rendered":"<p>Przedstaw sw\u00f3j przestrze\u0144 z zapieraj\u0105cym dech w piersiach krajobrazem z nasz\u0105 tapet\u0105 'Jesienne Odbicia: Z\u0142ote Li\u015bcie i Spokojne Jezioro&#8217;. Szereg smuk\u0142ych drzew, ubranych w \u017cywe \u017c\u00f3\u0142te jesienne li\u015bcie, rzuca swoje odbicia na g\u0142adk\u0105 powierzchni\u0119 spokojnego jeziora. Scena rozgrywa si\u0119 na tle neutralnych ton\u00f3w, kt\u00f3re podkre\u015blaj\u0105 bogate z\u0142ote odcienie, tworz\u0105c wyrazisty, a jednak harmonijny kontrast. Z powietrzem nieruchomym i wod\u0105 niezak\u0142\u00f3con\u0105, ca\u0142a kompozycja jest zanurzona w mi\u0119kkim, rozproszonym \u015bwietle, podkre\u015blaj\u0105c\u0105 cich\u0105 pi\u0119kno sezonu jesieni. Ta tapeta to spokojny ho\u0142d dla transformacyjnej mocy jesieni.<\/p>\n","protected":false},"excerpt":{"rendered":"<p>Uchwy\u0107 spokojn\u0105 istot\u0119 jesieni z 'Jesiennymi Odbiciami&#8217;, tapet\u0105, kt\u00f3ra przynosi ciche pi\u0119kno z\u0142otych li\u015bci i spokojnego jeziora na Twoje \u015bciany.<\/p>\n","protected":false},"featured_media":3127,"template":"","meta":{"_acf_changed":false,"inline_featured_image":false},"product_brand":[],"product_cat":[105,87],"product_tag":[],"class_list":{"0":"post-3121","1":"product","2":"type-product","3":"status-publish","4":"has-post-thumbnail","6":"product_cat-sztuka-design-tapety","7":"product_cat-fototapety","9":"first","10":"instock","11":"shipping-taxable","12":"purchasable","13":"product-type-simple"},"acf":[],"_links":{"self":[{"href":"https:\/\/printde.co\/pl\/wp-json\/wp\/v2\/product\/3121","targetHints":{"allow":["GET"]}}],"collection":[{"href":"https:\/\/printde.co\/pl\/wp-json\/wp\/v2\/product"}],"about":[{"href":"https:\/\/printde.co\/pl\/wp-json\/wp\/v2\/types\/product"}],"wp:featuredmedia":[{"embeddable":true,"href":"https:\/\/printde.co\/pl\/wp-json\/wp\/v2\/media\/3127"}],"wp:attachment":[{"href":"https:\/\/printde.co\/pl\/wp-json\/wp\/v2\/media?parent=3121"}],"wp:term":[{"taxonomy":"product_brand","embeddable":true,"href":"https:\/\/printde.co\/pl\/wp-json\/wp\/v2\/product_brand?post=3121"},{"taxonomy":"product_cat","embeddable":true,"href":"https:\/\/printde.co\/pl\/wp-json\/wp\/v2\/product_cat?post=3121"},{"taxonomy":"product_tag","embeddable":true,"href":"https:\/\/printde.co\/pl\/wp-json\/wp\/v2\/product_tag?post=3121"}],"curies":[{"name":"wp","href":"https:\/\/api.w.org\/{rel}","templated":true}]}}